{"id":83272,"date":"2026-04-07T08:20:56","date_gmt":"2026-04-07T06:20:56","guid":{"rendered":"http:\/\/materiel-reseau.fr\/index.php\/product\/extension-de-touches-snom-serie-7xx-blanc\/"},"modified":"2026-04-07T08:20:58","modified_gmt":"2026-04-07T06:20:58","slug":"extension-de-touches-snom-serie-7xx-blanc-4382","status":"publish","type":"product","link":"https:\/\/materiel-reseau.fr\/index.php\/product\/extension-de-touches-snom-serie-7xx-blanc-4382\/","title":{"rendered":"Extension de touches SNOM s\u00e9rie 7xx blanc &#8211; 4382"},"content":{"rendered":"<p><H4>Caract\u00e9ristiques:<\/H4><UL><LI>18 touches programmables <LI>Touches avec voyant LED pour la gestion de pr\u00e9sence (vert, orange et rouge) <LI>Ecran TFT&nbsp;160 x&nbsp;384 pixels <LI>Connectivit\u00e9 et alimentation via USB du t\u00e9l\u00e9phone <LI>Port USB :&nbsp;1 x type A&nbsp;pour r\u00e9pliquer le port du t\u00e9l\u00e9phone&nbsp; <LI>Possibilit\u00e9 de cascad\u00e9 3 modules <LI>Compatible t\u00e9l\u00e9phones Snom 715\/720\/760<LI>Il est n\u00e9cessaire de brancher une alimentation pour en cascader 3.<\/LI><\/UL><\/p>\n<p>4382<\/p>\n","protected":false},"excerpt":{"rendered":"<p>Caract\u00e9ristiques:18 touches programmables Touches avec voyant LED pour la gestion de pr\u00e9sence (vert, orange et rouge) Ecran TFT&nbsp;160 x&nbsp;384 pixels Connectivit\u00e9 et alimentation via USB du t\u00e9l\u00e9phone Port USB :&nbsp;1<\/p>\n","protected":false},"featured_media":95370,"comment_status":"closed","ping_status":"open","template":"","meta":{"_acf_changed":false},"product_brand":[1176],"product_cat":[868],"product_tag":[],"class_list":{"0":"post-83272","1":"product","2":"type-product","3":"status-publish","4":"has-post-thumbnail","6":"product_brand-snom","7":"product_cat-accessoires-constructeurs","8":"pa_marques-snom","10":"first","11":"instock","12":"taxable","13":"shipping-taxable","14":"purchasable","15":"product-type-simple"},"acf":[],"_links":{"self":[{"href":"https:\/\/materiel-reseau.fr\/index.php\/wp-json\/wp\/v2\/product\/83272","targetHints":{"allow":["GET"]}}],"collection":[{"href":"https:\/\/materiel-reseau.fr\/index.php\/wp-json\/wp\/v2\/product"}],"about":[{"href":"https:\/\/materiel-reseau.fr\/index.php\/wp-json\/wp\/v2\/types\/product"}],"replies":[{"embeddable":true,"href":"https:\/\/materiel-reseau.fr\/index.php\/wp-json\/wp\/v2\/comments?post=83272"}],"wp:featuredmedia":[{"embeddable":true,"href":"https:\/\/materiel-reseau.fr\/index.php\/wp-json\/wp\/v2\/media\/95370"}],"wp:attachment":[{"href":"https:\/\/materiel-reseau.fr\/index.php\/wp-json\/wp\/v2\/media?parent=83272"}],"wp:term":[{"taxonomy":"product_brand","embeddable":true,"href":"https:\/\/materiel-reseau.fr\/index.php\/wp-json\/wp\/v2\/product_brand?post=83272"},{"taxonomy":"product_cat","embeddable":true,"href":"https:\/\/materiel-reseau.fr\/index.php\/wp-json\/wp\/v2\/product_cat?post=83272"},{"taxonomy":"product_tag","embeddable":true,"href":"https:\/\/materiel-reseau.fr\/index.php\/wp-json\/wp\/v2\/product_tag?post=83272"}],"curies":[{"name":"wp","href":"https:\/\/api.w.org\/{rel}","templated":true}]}}