{"id":101473,"date":"2026-04-07T08:20:56","date_gmt":"2026-04-07T06:20:56","guid":{"rendered":"https:\/\/materiel-reseau.fr\/index.php\/product\/telephone-sip-d892m-wifi-bluetooth-et-combine-dect-4539\/"},"modified":"2026-04-07T08:21:08","modified_gmt":"2026-04-07T06:21:08","slug":"telephone-sip-d892m-wifi-bluetooth-et-combine-dect-4539","status":"publish","type":"product","link":"https:\/\/materiel-reseau.fr\/index.php\/product\/telephone-sip-d892m-wifi-bluetooth-et-combine-dect-4539\/","title":{"rendered":"T\u00e9l\u00e9phone SIP D892M Wifi Bluetooth et combin\u00e9 DECT &#8211; 4539"},"content":{"rendered":"<p>Le&nbsp;<strong>Snom D892M<\/strong>&nbsp;se distingue par son&nbsp;<strong>combin&eacute; DECT sans fil<\/strong>&nbsp;offrant une mobilit&eacute; jusqu&rsquo;&agrave;&nbsp;<strong>50 m<\/strong>&nbsp;sans compromis sur la qualit&eacute; audio\u200b<a aria-label=\"1 Snom D892M S\u2019ouvre dans une nouvelle fen\u00eatre\u00a0; externe.\" href=\"https:\/\/www.snom.com\/fr\/produits\/telephones-de-bureau\/d8xx\/snom-d892m\/\" rel=\"noopener noreferrer\" target=\"_blank\"><img decoding=\"async\" alt=\"\" src=\"data:image\/gif;base64,R0lGODlhAQABAIAAAAAAAP\/\/\/yH5BAEAAAAALAAAAAABAAEAAAIBRAA7\" title=\"S\u2019ouvre dans une nouvelle fen\u00eatre\u00a0; externe.\" \/><\/a>\u200b. Son&nbsp;<strong>&eacute;cran couleur IPS inclinable de 5&quot; (1280 &times; 720 px)<\/strong>&nbsp;assure une lisibilit&eacute; optimale et un confort d&rsquo;utilisation\u200b<a aria-label=\"2 https:\/\/www.snom.com\/fr\/produits\/telephones-de-bureau\/d8xx\/ S\u2019ouvre dans une nouvelle fen\u00eatre\u00a0; externe.\" href=\"https:\/\/www.snom.com\/fr\/produits\/telephones-de-bureau\/d8xx\/\" rel=\"noopener noreferrer\" target=\"_blank\"><img decoding=\"async\" alt=\"\" src=\"data:image\/gif;base64,R0lGODlhAQABAIAAAAAAAP\/\/\/yH5BAEAAAAALAAAAAABAAEAAAIBRAA7\" title=\"S\u2019ouvre dans une nouvelle fen\u00eatre\u00a0; externe.\" \/><\/a>\u200b. Gr&acirc;ce au&nbsp;<strong>Wi-Fi int&eacute;gr&eacute;<\/strong>, il se connecte facilement aux r&eacute;seaux sans fil, r&eacute;duisant les contraintes de c&acirc;blage\u200b\u200b.<\/p>\n<p>Son design &eacute;l&eacute;gant avec&nbsp;<strong>&eacute;l&eacute;ments en m&eacute;tal bross&eacute; Gunmetal<\/strong>&nbsp;apporte robustesse et modernit&eacute;\u200b<a aria-label=\"2 https:\/\/www.snom.com\/fr\/produits\/telephones-de-bureau\/d8xx\/ S\u2019ouvre dans une nouvelle fen\u00eatre\u00a0; externe.\" href=\"https:\/\/www.snom.com\/fr\/produits\/telephones-de-bureau\/d8xx\/\" rel=\"noopener noreferrer\" target=\"_blank\"><img decoding=\"async\" alt=\"\" src=\"data:image\/gif;base64,R0lGODlhAQABAIAAAAAAAP\/\/\/yH5BAEAAAAALAAAAAABAAEAAAIBRAA7\" title=\"S\u2019ouvre dans une nouvelle fen\u00eatre\u00a0; externe.\" \/><\/a>\u200b.<\/p>\n<p>Id&eacute;al pour les environnements professionnels, il combine&nbsp;<strong>mobilit&eacute;<\/strong>,&nbsp;<strong>connectivit&eacute; avanc&eacute;e<\/strong>&nbsp;et&nbsp;<strong>gestion centralis&eacute;e<\/strong>&nbsp;via les outils Snom. Une solution parfaite pour les bureaux dynamiques et les espaces n&eacute;cessitant flexibilit&eacute;.<br \/>\n&nbsp;<\/p>\n<h5 class=\"NavItemDesc\"><strong>Points forts<\/strong><\/h5>\n<ul>\n<li>Combin&eacute; DECT sans fil pour mobilit&eacute; jusqu&rsquo;&agrave; 50 m\u200b<\/li>\n<li>&Eacute;cran couleur IPS inclinable 5&quot; (1280 &times; 720 px)<a aria-label=\"2 https:\/\/www.snom.com\/fr\/produits\/telephones-de-bureau\/d8xx\/ S\u2019ouvre dans une nouvelle fen\u00eatre\u00a0; externe.\" href=\"https:\/\/www.snom.com\/fr\/produits\/telephones-de-bureau\/d8xx\/\" rel=\"noopener noreferrer\" target=\"_blank\"><img decoding=\"async\" alt=\"\" src=\"data:image\/gif;base64,R0lGODlhAQABAIAAAAAAAP\/\/\/yH5BAEAAAAALAAAAAABAAEAAAIBRAA7\" title=\"S\u2019ouvre dans une nouvelle fen\u00eatre\u00a0; externe.\" \/><\/a>\u200b<\/li>\n<li>Wi-Fi int&eacute;gr&eacute; pour connexion r&eacute;seau sans fil\u200b<a aria-label=\"2 https:\/\/www.snom.com\/fr\/produits\/telephones-de-bureau\/d8xx\/ S\u2019ouvre dans une nouvelle fen\u00eatre\u00a0; externe.\" href=\"https:\/\/www.snom.com\/fr\/produits\/telephones-de-bureau\/d8xx\/\" rel=\"noopener noreferrer\" target=\"_blank\"><img decoding=\"async\" alt=\"\" src=\"data:image\/gif;base64,R0lGODlhAQABAIAAAAAAAP\/\/\/yH5BAEAAAAALAAAAAABAAEAAAIBRAA7\" title=\"S\u2019ouvre dans une nouvelle fen\u00eatre\u00a0; externe.\" \/><\/a>\u200b<\/li>\n<li>Design m&eacute;tal bross&eacute; Gunmetal &eacute;l&eacute;gant\u200b<a aria-label=\"2 https:\/\/www.snom.com\/fr\/produits\/telephones-de-bureau\/d8xx\/ S\u2019ouvre dans une nouvelle fen\u00eatre\u00a0; externe.\" href=\"https:\/\/www.snom.com\/fr\/produits\/telephones-de-bureau\/d8xx\/\" rel=\"noopener noreferrer\" target=\"_blank\"><img decoding=\"async\" alt=\"\" src=\"data:image\/gif;base64,R0lGODlhAQABAIAAAAAAAP\/\/\/yH5BAEAAAAALAAAAAABAAEAAAIBRAA7\" title=\"S\u2019ouvre dans une nouvelle fen\u00eatre\u00a0; externe.\" \/><\/a>\u200b<\/li>\n<li>Audio HD pour qualit&eacute; vocale optimale<\/li>\n<li>Gestion centralis&eacute;e via SRAPS Device Manager<\/li>\n<li>Compatible avec solutions VoIP professionnelles<\/li>\n<li>Interface intuitive et ergonomique<\/li>\n<li>Id&eacute;al pour bureaux et espaces flexibles<\/li>\n<li>Construction robuste pour usage intensif<\/li>\n<\/ul>\n<p>4539<\/p>\n","protected":false},"excerpt":{"rendered":"<p>Le&nbsp;Snom D892M&nbsp;se distingue par son&nbsp;combin&eacute; DECT sans fil&nbsp;offrant une mobilit&eacute; jusqu&rsquo;&agrave;&nbsp;50 m&nbsp;sans compromis sur la qualit&eacute; audio\u200b\u200b. Son&nbsp;&eacute;cran couleur IPS inclinable de 5&quot; (1280 &times; 720 px)&nbsp;assure une lisibilit&eacute; optimale<\/p>\n","protected":false},"featured_media":0,"comment_status":"closed","ping_status":"open","template":"","meta":{"_acf_changed":false},"product_brand":[],"product_cat":[947],"product_tag":[],"class_list":{"0":"post-101473","1":"product","2":"type-product","3":"status-publish","5":"product_cat-telephones-sip","7":"first","8":"instock","9":"taxable","10":"shipping-taxable","11":"product-type-simple"},"acf":[],"_links":{"self":[{"href":"https:\/\/materiel-reseau.fr\/index.php\/wp-json\/wp\/v2\/product\/101473","targetHints":{"allow":["GET"]}}],"collection":[{"href":"https:\/\/materiel-reseau.fr\/index.php\/wp-json\/wp\/v2\/product"}],"about":[{"href":"https:\/\/materiel-reseau.fr\/index.php\/wp-json\/wp\/v2\/types\/product"}],"replies":[{"embeddable":true,"href":"https:\/\/materiel-reseau.fr\/index.php\/wp-json\/wp\/v2\/comments?post=101473"}],"wp:attachment":[{"href":"https:\/\/materiel-reseau.fr\/index.php\/wp-json\/wp\/v2\/media?parent=101473"}],"wp:term":[{"taxonomy":"product_brand","embeddable":true,"href":"https:\/\/materiel-reseau.fr\/index.php\/wp-json\/wp\/v2\/product_brand?post=101473"},{"taxonomy":"product_cat","embeddable":true,"href":"https:\/\/materiel-reseau.fr\/index.php\/wp-json\/wp\/v2\/product_cat?post=101473"},{"taxonomy":"product_tag","embeddable":true,"href":"https:\/\/materiel-reseau.fr\/index.php\/wp-json\/wp\/v2\/product_tag?post=101473"}],"curies":[{"name":"wp","href":"https:\/\/api.w.org\/{rel}","templated":true}]}}