{"id":101471,"date":"2026-04-07T08:20:56","date_gmt":"2026-04-07T06:20:56","guid":{"rendered":"https:\/\/materiel-reseau.fr\/index.php\/product\/telephone-sip-d810w-ecran-couleur-wifi-4737\/"},"modified":"2026-04-07T08:20:58","modified_gmt":"2026-04-07T06:20:58","slug":"telephone-sip-d810w-ecran-couleur-wifi-4737","status":"publish","type":"product","link":"https:\/\/materiel-reseau.fr\/index.php\/product\/telephone-sip-d810w-ecran-couleur-wifi-4737\/","title":{"rendered":"T\u00e9l\u00e9phone SIP D810W \u00e9cran couleur Wifi &#8211; 4737"},"content":{"rendered":"<p>Le&nbsp;<strong>Snom D810W<\/strong>&nbsp;est con&ccedil;u pour les entreprises recherchant une solution IP fiable et &eacute;volutive. Son&nbsp;<strong>Wi-Fi int&eacute;gr&eacute;<\/strong>&nbsp;simplifie la connexion sans c&acirc;blage, tandis que l&rsquo;<strong>&eacute;cran couleur IPS de 3,4&quot;<\/strong>&nbsp;garantit une lisibilit&eacute; optimale. Il dispose de&nbsp;<strong>2 ports Gigabit Ethernet<\/strong>, d&rsquo;un&nbsp;<strong>port USB 2.0 Type A<\/strong>&nbsp;et prend en charge l&rsquo;<strong>alimentation PoE<\/strong>, r&eacute;duisant les besoins en adaptateurs. Gr&acirc;ce &agrave; ses&nbsp;<strong>4 touches de fonction multicolores programmables<\/strong>&nbsp;et la compatibilit&eacute; avec le&nbsp;<strong>module d&rsquo;extension D8C<\/strong>, il s&rsquo;adapte aux besoins croissants. Son&nbsp;<strong>bo&icirc;tier antibact&eacute;rien<\/strong>&nbsp;et la&nbsp;<strong>maintenance &agrave; distance via SRAPS Device Manager<\/strong>&nbsp;renforcent la s&eacute;curit&eacute; et la gestion centralis&eacute;e. Id&eacute;al pour bureaux, t&eacute;l&eacute;travail ou accueil, le D810W allie&nbsp;<strong>connectivit&eacute; compl&egrave;te<\/strong>, robustesse et confort d&rsquo;utilisation.<\/p>\n<p>&nbsp;<\/p>\n<h5 class=\"NavItemDesc\"><strong>Points forts<\/strong><\/h5>\n<ul>\n<li>Wi-Fi int&eacute;gr&eacute; pour connexion sans fil<\/li>\n<li>&Eacute;cran couleur IPS 3,4&quot; haute lisibilit&eacute;<\/li>\n<li>4 touches de fonction multicolores programmables<\/li>\n<li>2 ports Gigabit Ethernet pour r&eacute;seau rapide<\/li>\n<li>Port USB 2.0 Type A pour accessoires<\/li>\n<li>Alimentation via Ethernet (PoE)<\/li>\n<li>Compatible module d&rsquo;extension D8C<\/li>\n<li>Bo&icirc;tier antibact&eacute;rien pour hygi&egrave;ne renforc&eacute;e<\/li>\n<li>Maintenance &agrave; distance via SRAPS Device Manager<\/li>\n<li>Design compact adapt&eacute; aux environnements modernes<\/li>\n<\/ul>\n<p>\n&nbsp;<\/p>\n<p>4737<\/p>\n","protected":false},"excerpt":{"rendered":"<p>Le&nbsp;Snom D810W&nbsp;est con&ccedil;u pour les entreprises recherchant une solution IP fiable et &eacute;volutive. Son&nbsp;Wi-Fi int&eacute;gr&eacute;&nbsp;simplifie la connexion sans c&acirc;blage, tandis que l&rsquo;&eacute;cran couleur IPS de 3,4&quot;&nbsp;garantit une lisibilit&eacute; optimale. Il<\/p>\n","protected":false},"featured_media":0,"comment_status":"closed","ping_status":"open","template":"","meta":{"_acf_changed":false},"product_brand":[],"product_cat":[947],"product_tag":[],"class_list":{"0":"post-101471","1":"product","2":"type-product","3":"status-publish","5":"product_cat-telephones-sip","7":"first","8":"instock","9":"taxable","10":"shipping-taxable","11":"product-type-simple"},"acf":[],"_links":{"self":[{"href":"https:\/\/materiel-reseau.fr\/index.php\/wp-json\/wp\/v2\/product\/101471","targetHints":{"allow":["GET"]}}],"collection":[{"href":"https:\/\/materiel-reseau.fr\/index.php\/wp-json\/wp\/v2\/product"}],"about":[{"href":"https:\/\/materiel-reseau.fr\/index.php\/wp-json\/wp\/v2\/types\/product"}],"replies":[{"embeddable":true,"href":"https:\/\/materiel-reseau.fr\/index.php\/wp-json\/wp\/v2\/comments?post=101471"}],"wp:attachment":[{"href":"https:\/\/materiel-reseau.fr\/index.php\/wp-json\/wp\/v2\/media?parent=101471"}],"wp:term":[{"taxonomy":"product_brand","embeddable":true,"href":"https:\/\/materiel-reseau.fr\/index.php\/wp-json\/wp\/v2\/product_brand?post=101471"},{"taxonomy":"product_cat","embeddable":true,"href":"https:\/\/materiel-reseau.fr\/index.php\/wp-json\/wp\/v2\/product_cat?post=101471"},{"taxonomy":"product_tag","embeddable":true,"href":"https:\/\/materiel-reseau.fr\/index.php\/wp-json\/wp\/v2\/product_tag?post=101471"}],"curies":[{"name":"wp","href":"https:\/\/api.w.org\/{rel}","templated":true}]}}