{"id":101464,"date":"2026-04-06T08:20:44","date_gmt":"2026-04-06T06:20:44","guid":{"rendered":"https:\/\/materiel-reseau.fr\/index.php\/product\/panel-pc-215-industriel-p21al01-a-configurer-p21al01\/"},"modified":"2026-04-06T08:21:11","modified_gmt":"2026-04-06T06:21:11","slug":"panel-pc-215-industriel-p21al01-a-configurer-p21al01","status":"publish","type":"product","link":"https:\/\/materiel-reseau.fr\/index.php\/product\/panel-pc-215-industriel-p21al01-a-configurer-p21al01\/","title":{"rendered":"Panel-PC 21,5 industriel P21AL01 &#8211; \u00e0 configurer &#8211; P21AL01"},"content":{"rendered":"<table cellpading=2 cellspacing=5 border=0>\n<tr>\n<td> <b>Format Coffret<\/b> <\/td>\n<td>All In One <\/td>\n<\/tr>\n<tr>\n<td> <b>R\u00e9f. Barebone<\/b> <\/td>\n<td>P21AL01 <\/td>\n<\/tr>\n<tr>\n<td> <b>Ecran <\/b> <\/td>\n<td>21,5&#8243; <\/td>\n<\/tr>\n<tr>\n<td> <b>Puissance Alimentation<\/b> <\/td>\n<td>90W <\/td>\n<\/tr>\n<tr>\n<td> <b>Dimensions (LxHxP)mm<\/b> <\/td>\n<td>543 x 334 x 50 <\/td>\n<\/tr>\n<tr>\n<td> <b>Carte M\u00e8re<\/b> <\/td>\n<td>Shuttle <\/td>\n<\/tr>\n<tr>\n<td> <b>Chipset<\/b> <\/td>\n<td>Alder Lake U <\/td>\n<\/tr>\n<tr>\n<td> <b>Processeur<\/b> <\/td>\n<td>FCBGA1744  <\/td>\n<\/tr>\n<tr>\n<td> <b>M\u00e9moire<\/b> <\/td>\n<td>2 slots DDR5 4800Mhz &#8211; max. 64Go <\/td>\n<\/tr>\n<tr>\n<td> <b>Stockage<\/b> <\/td>\n<td>1 x 2&#8221;1\/2 interne <\/td>\n<\/tr>\n<tr>\n<td> <b>Optique<\/b> <\/td>\n<td>&#8211; <\/td>\n<\/tr>\n<tr>\n<td> <b>Slots d&#8217;extension PCI Express<\/b> <\/td>\n<td>1x M.2. 2280 (SATA\/PCIe) \/ 1 x M.2. 2230 (WiFi) <\/td>\n<\/tr>\n<tr>\n<td> <b>Contr\u00f4leurs de stockage<\/b> <\/td>\n<td>1 x SATA III interne <\/td>\n<\/tr>\n<tr>\n<td> <b>Raid<\/b> <\/td>\n<td>&#8211; <\/td>\n<\/tr>\n<tr>\n<td> <b>Contr\u00f4leur graphique int\u00e9gr\u00e9<\/b> <\/td>\n<td>1 x HDMI \/ 1 x VGA <\/td>\n<\/tr>\n<tr>\n<td> <b>Contr\u00f4leur R\u00e9seau<\/b> <\/td>\n<td>2 x Rj45 2.5G  \/ Wifi ac + Bluetooth <\/td>\n<\/tr>\n<tr>\n<td> <b>Interface PS\/2<\/b> <\/td>\n<td>Non <\/td>\n<\/tr>\n<tr>\n<td> <b>Ports externes<\/b> <\/td>\n<td>4 x USB 3.2 \/ 4 x USB 2.0 \/ 2x COM RS232 <\/td>\n<\/tr>\n<tr>\n<td> <b>Contr\u00f4leur Audio<\/b> <\/td>\n<td>1 sortie jack \/ 1 entr\u00e9e mic jack <\/td>\n<\/tr>\n<tr>\n<td> <b>Ports en Fa\u00e7ade<\/b> <\/td>\n<td>&#8211; <\/td>\n<\/tr>\n<tr>\n<td> <b>Fonctionnalit\u00e9s Sp\u00e9ciales<\/b> <\/td>\n<td>Fanless \/ VESA \/ TPM <\/td>\n<\/tr>\n<tr>\n<td> <b>Poids<\/b> <\/td>\n<td>8kg <\/td>\n<\/tr>\n<tr>\n<td> <b>Garantie d&#8217;origine<\/b> <\/td>\n<td>3 ans <\/td>\n<\/tr>\n<tr>\n<td> <b>Type garantie<\/b> <\/td>\n<td>Enl\u00e8vement les 2 premi\u00e8res ann\u00e9es, retour Atelier  <\/td>\n<\/tr>\n<\/table>\n<p>P21AL01<\/p>\n","protected":false},"excerpt":{"rendered":"<p>Format Coffret All In One R\u00e9f. Barebone P21AL01 Ecran 21,5&#8243; Puissance Alimentation 90W Dimensions (LxHxP)mm 543 x 334 x 50 Carte M\u00e8re Shuttle Chipset Alder Lake U Processeur FCBGA1744 M\u00e9moire<\/p>\n","protected":false},"featured_media":0,"comment_status":"closed","ping_status":"open","template":"","meta":{"_acf_changed":false},"product_brand":[],"product_cat":[1474],"product_tag":[],"class_list":{"0":"post-101464","1":"product","2":"type-product","3":"status-publish","5":"product_cat-all-in-one-tactiles-2","7":"first","8":"instock","9":"taxable","10":"shipping-taxable","11":"product-type-simple"},"acf":[],"_links":{"self":[{"href":"https:\/\/materiel-reseau.fr\/index.php\/wp-json\/wp\/v2\/product\/101464","targetHints":{"allow":["GET"]}}],"collection":[{"href":"https:\/\/materiel-reseau.fr\/index.php\/wp-json\/wp\/v2\/product"}],"about":[{"href":"https:\/\/materiel-reseau.fr\/index.php\/wp-json\/wp\/v2\/types\/product"}],"replies":[{"embeddable":true,"href":"https:\/\/materiel-reseau.fr\/index.php\/wp-json\/wp\/v2\/comments?post=101464"}],"wp:attachment":[{"href":"https:\/\/materiel-reseau.fr\/index.php\/wp-json\/wp\/v2\/media?parent=101464"}],"wp:term":[{"taxonomy":"product_brand","embeddable":true,"href":"https:\/\/materiel-reseau.fr\/index.php\/wp-json\/wp\/v2\/product_brand?post=101464"},{"taxonomy":"product_cat","embeddable":true,"href":"https:\/\/materiel-reseau.fr\/index.php\/wp-json\/wp\/v2\/product_cat?post=101464"},{"taxonomy":"product_tag","embeddable":true,"href":"https:\/\/materiel-reseau.fr\/index.php\/wp-json\/wp\/v2\/product_tag?post=101464"}],"curies":[{"name":"wp","href":"https:\/\/api.w.org\/{rel}","templated":true}]}}